{"id":351,"date":"2020-06-17T18:03:55","date_gmt":"2020-06-17T15:03:55","guid":{"rendered":"https:\/\/tatsurrogacy.3mstudio.com.ua\/?page_id=351"},"modified":"2025-03-26T18:14:25","modified_gmt":"2025-03-26T15:14:25","slug":"le-don-dembryons","status":"publish","type":"page","link":"https:\/\/tatsurrogacy.com\/it\/services\/le-don-dembryons\/","title":{"rendered":"Donazione di embrioni"},"content":{"rendered":"<p><\/p>\n<p>Le principali indicazioni per l&#8217;uso di embrioni donati sono l&#8217;infertilit\u00e0 sia negli uomini che nelle donne, i casi gravi di anomalie genetiche femminili e maschili, nonch\u00e9 il fallimento di ripetuti tentativi di programmi di fecondazione in vitro (FIV) utilizzando solo sperma e ovuli di donatori.<\/p>\n<p>La donazione di embrioni \u00e8 consigliata alle donne che desiderano avere un figlio senza un partner o per specifiche indicazioni mediche. Gli embrioni possono essere ottenuti utilizzando ovuli e sperma di donatori. Dopo la fecondazione, gli embrioni vengono trasferiti nell&#8217;utero della paziente. La donazione pu\u00f2 avere effetti anche sulle donne single in menopausa.<\/p>\n<p style=\"text-align: center;\">Le fasi della donazione di embrioni:<\/p>\n<ol>\n<li>Selezione del donatore;<\/li>\n<p>Sincronizzazione del ciclo ricevente e donatore;<\/p>\n<li>La stimolazione ovarica della donatrice;<\/li>\n<li>Raccolta degli ovuli donati, fecondazione con sperma crioconservato del donatore;<\/li>\n<li>Il trasferimento dell&#8217;embrione;<\/li>\n<li>Supporto alla fase luteale e diagnosi di gravidanza.<\/li>\n<\/ol>\n<p>Oggigiorno, con il metodo della fecondazione in vitro \u00e8 possibile ottenere pi\u00f9 embrioni di quanti sia possibile impiantarne nella cavit\u00e0 uterina in una sola volta. Di solito vengono trasferiti uno o due embrioni.<\/p>\n<p>I donatori di embrioni possono essere pazienti che hanno gi\u00e0 seguito con successo un protocollo di fecondazione in vitro e che hanno crioconservato gli embrioni dopo la nascita del loro bambino sano. Alcune coppie accettano, tramite consenso scritto, di trasferire i propri embrioni congelati ad altri clienti.<\/p>\n<p>Per la scelta degli embrioni \u00e8 possibile specificare il colore dei capelli, degli occhi e della pelle in modo che l&#8217;\u00e9quipe medica selezioni l&#8217;embrione migliore in base alle preferenze, in base alle somiglianze tra donatore e ricevente.<\/p>\n<p><\/p>","protected":false},"excerpt":{"rendered":"<p>Le principali indicazioni per l&#8217;uso di embrioni donati sono l&#8217;infertilit\u00e0 sia negli uomini che nelle donne, i casi gravi di&#8230;<\/p>\n","protected":false},"author":2,"featured_media":273,"parent":226,"menu_order":34,"comment_status":"closed","ping_status":"closed","template":"page-minor.php","meta":{"footnotes":""},"class_list":["post-351","page","type-page","status-publish","has-post-thumbnail","hentry"],"aioseo_notices":[],"_links":{"self":[{"href":"https:\/\/tatsurrogacy.com\/it\/wp-json\/wp\/v2\/pages\/351","targetHints":{"allow":["GET"]}}],"collection":[{"href":"https:\/\/tatsurrogacy.com\/it\/wp-json\/wp\/v2\/pages"}],"about":[{"href":"https:\/\/tatsurrogacy.com\/it\/wp-json\/wp\/v2\/types\/page"}],"author":[{"embeddable":true,"href":"https:\/\/tatsurrogacy.com\/it\/wp-json\/wp\/v2\/users\/2"}],"replies":[{"embeddable":true,"href":"https:\/\/tatsurrogacy.com\/it\/wp-json\/wp\/v2\/comments?post=351"}],"version-history":[{"count":16,"href":"https:\/\/tatsurrogacy.com\/it\/wp-json\/wp\/v2\/pages\/351\/revisions"}],"predecessor-version":[{"id":1916,"href":"https:\/\/tatsurrogacy.com\/it\/wp-json\/wp\/v2\/pages\/351\/revisions\/1916"}],"up":[{"embeddable":true,"href":"https:\/\/tatsurrogacy.com\/it\/wp-json\/wp\/v2\/pages\/226"}],"wp:featuredmedia":[{"embeddable":true,"href":"https:\/\/tatsurrogacy.com\/it\/wp-json\/wp\/v2\/media\/273"}],"wp:attachment":[{"href":"https:\/\/tatsurrogacy.com\/it\/wp-json\/wp\/v2\/media?parent=351"}],"curies":[{"name":"wp","href":"https:\/\/api.w.org\/{rel}","templated":true}]}}